{"id":6536,"date":"2020-04-19T17:25:18","date_gmt":"2020-04-19T17:25:18","guid":{"rendered":"https:\/\/velartrip.com\/?product=housse-de-valise-br-main"},"modified":"2025-02-28T16:03:54","modified_gmt":"2025-02-28T15:03:54","slug":"housse-valise-main","status":"publish","type":"product","link":"https:\/\/velartrip.com\/pt\/accessoires-pour-valise\/housse-de-valise\/housse-valise-main\/","title":{"rendered":"Capa para mala de m\u00e3o"},"content":{"rendered":"<h2>Nos couleurs font notre force ! VelarTrip c&rsquo;est avant tout une communaut\u00e9 de voyageurs passionn\u00e9s et de tous horizons. Partage nos valeurs avec notre housse de valise au symbole de notre unit\u00e9.<\/h2>\n<ul>\n<li><strong><span style=\"text-decoration: underline;\">S&rsquo;adapte \u00e0 99% des valises<\/span> <\/strong>\u00e0 2 ou 4 roues.<\/li>\n<li><strong>Deux ouvertures pr\u00e9vues<\/strong> pour la poign\u00e9e t\u00e9lescopique et\/o\u00f9 la poign\u00e9e simple.<\/li>\n<li>Plus de risques de se faire voler ses affaires, <strong>les fermetures \u00e9clairs sont prot\u00e9g\u00e9es<\/strong> par notre housse<\/li>\n<li>Finis les films en plastiques jetables aux prix exorbitants, nos housses sont rentabilis\u00e9es d\u00e8s votre premier voyage.<\/li>\n<li><strong>Lavable \u00e0 30\u00b0C et r\u00e9utilisable<\/strong>, la plan\u00e8te se portera mieux ! \u267b\ufe0f<\/li>\n<\/ul>\n<p style=\"text-align: center;\">\ud83d\udccf R\u00e9f\u00e9rez-vous au guide des tailles pour choisir au mieux votre housse de valise en fonction de sa dimension \ud83d\udccf<\/p>\n<p>[block id=\u00a0\u00bbhousse-de-valise-produit-description\u00a0\u00bb]<\/p>\n","protected":false},"excerpt":{"rendered":"<p>Nossas cores s\u00e3o nossa for\u00e7a! O VelarTrip \u00e9 acima de tudo uma comunidade de viajantes apaixonados de todas as esferas da vida. Compartilhe nossos valores com nossa capa de mala simbolizando nossa uni\u00e3o. Compat\u00edvel com malas 99% de 2 ou 4 rodas. Duas aberturas previstas para a al\u00e7a telesc\u00f3pica e\/ou a al\u00e7a \u00fanica. Mais do que\u2026<\/p>","protected":false},"featured_media":12408,"comment_status":"open","ping_status":"closed","template":"","meta":{"_kad_blocks_custom_css":"","_kad_blocks_head_custom_js":"","_kad_blocks_body_custom_js":"","_kad_blocks_footer_custom_js":"","_kad_post_transparent":"","_kad_post_title":"","_kad_post_layout":"","_kad_post_sidebar_id":"","_kad_post_content_style":"","_kad_post_vertical_padding":"","_kad_post_feature":"","_kad_post_feature_position":"","_kad_post_header":false,"_kad_post_footer":false,"_kad_post_classname":""},"product_brand":[385],"product_cat":[392,618],"product_tag":[165,182],"class_list":{"0":"post-6536","1":"product","2":"type-product","3":"status-publish","4":"has-post-thumbnail","6":"product_brand-velartrip","7":"product_cat-housse-de-valise","8":"product_cat-accessoires-pour-valise","9":"product_tag-compatible-toutes-poignees","10":"product_tag-couleur","12":"first","13":"instock","14":"taxable","15":"shipping-taxable","16":"purchasable","17":"product-type-variable","18":"entry","19":"content-bg","20":"loop-entry"},"taxonomy_info":{"product_brand":[{"value":385,"label":"VelarTrip"}],"product_cat":[{"value":392,"label":"Housses De Valise"},{"value":618,"label":"Accessoires pour Valise"}],"product_tag":[{"value":165,"label":"Compatible toutes poign\u00e9es"},{"value":182,"label":"Couleur"}]},"featured_image_src_large":["https:\/\/velartrip.com\/wp-content\/uploads\/2020\/04\/housse-de-valise-main-colore\u0301e.jpg",800,800,false],"author_info":[],"comment_info":5,"_links":{"self":[{"href":"https:\/\/velartrip.com\/pt\/wp-json\/wp\/v2\/product\/6536","targetHints":{"allow":["GET"]}}],"collection":[{"href":"https:\/\/velartrip.com\/pt\/wp-json\/wp\/v2\/product"}],"about":[{"href":"https:\/\/velartrip.com\/pt\/wp-json\/wp\/v2\/types\/product"}],"replies":[{"embeddable":true,"href":"https:\/\/velartrip.com\/pt\/wp-json\/wp\/v2\/comments?post=6536"}],"wp:featuredmedia":[{"embeddable":true,"href":"https:\/\/velartrip.com\/pt\/wp-json\/wp\/v2\/media\/12408"}],"wp:attachment":[{"href":"https:\/\/velartrip.com\/pt\/wp-json\/wp\/v2\/media?parent=6536"}],"wp:term":[{"taxonomy":"product_brand","embeddable":true,"href":"https:\/\/velartrip.com\/pt\/wp-json\/wp\/v2\/product_brand?post=6536"},{"taxonomy":"product_cat","embeddable":true,"href":"https:\/\/velartrip.com\/pt\/wp-json\/wp\/v2\/product_cat?post=6536"},{"taxonomy":"product_tag","embeddable":true,"href":"https:\/\/velartrip.com\/pt\/wp-json\/wp\/v2\/product_tag?post=6536"}],"curies":[{"name":"wp","href":"https:\/\/api.w.org\/{rel}","templated":true}]}}