{"id":6712,"date":"2020-04-21T11:24:30","date_gmt":"2020-04-21T11:24:30","guid":{"rendered":"https:\/\/velartrip.com\/?product=pese-bagage-br-osaka"},"modified":"2022-05-17T13:28:50","modified_gmt":"2022-05-17T11:28:50","slug":"pese-bagage","status":"publish","type":"product","link":"https:\/\/velartrip.com\/pt\/accessoires-pratiques\/pese-bagage\/","title":{"rendered":"Balan\u00e7a de bagagem Osaka"},"content":{"rendered":"<h2>N\u00e3o seja pego de surpresa ao despachar sua bagagem!<\/h2>\n<p>&nbsp;<\/p>\n<h2>A precis\u00e3o da nossa balan\u00e7a de bagagem OSAKA ajudar\u00e1 voc\u00ea a evitar surpresas desagrad\u00e1veis.<\/h2>\n<ul>\n<li>N\u00e3o mais do que a palma da sua m\u00e3o!<\/li>\n<li><strong>De 10 g a 40 kg<\/strong> precis\u00e3o para <strong>a sua pesagem.<\/strong><\/li>\n<li><strong>Indicador de sobrecarga<\/strong> em caso de ultrapassagem.<\/li>\n<li>Alarme de bateria fraca.<\/li>\n<li><strong>Medida<\/strong> do<strong> temperatura exterior<\/strong>.<\/li>\n<li><strong>Ilumina\u00e7\u00e3o de fundo autom\u00e1tica<\/strong> em condi\u00e7\u00f5es de pouca luz.<\/li>\n<li>Defini\u00e7\u00e3o <strong>desligamento autom\u00e1tico<\/strong><\/li>\n<li>Cor: preto<\/li>\n<\/ul>\n<ul>\n<li><strong>ENTREGA STANDARD GRATUITA<\/strong><\/li>\n<\/ul>\n<p style=\"text-align: left;\">As pilhas (AAA) n\u00e3o s\u00e3o <em>n\u00e3o inclu\u00eddo<\/em>\u00a0\ud83d\udd0b<\/p>","protected":false},"excerpt":{"rendered":"<p>Ne\u00a0sois plus pris de court au moment de l&rsquo;enregistrement de\u00a0tes bagages ! &nbsp; La pr\u00e9cision de notre p\u00e8se bagage OSAKA,\u00a0t&rsquo;\u00e9viteras les mauvaises surprises Pas plus long que la paume de la main ! De 10\u00a0g \u00e0 40 kg de pr\u00e9cision pour vos pes\u00e9es. Indicateur de surcharge en cas de d\u00e9passement. Alarme en cas de batterie&#8230;<\/p>","protected":false},"featured_media":13532,"comment_status":"open","ping_status":"closed","template":"","meta":{"_kad_blocks_custom_css":"","_kad_blocks_head_custom_js":"","_kad_blocks_body_custom_js":"","_kad_blocks_footer_custom_js":"","_kad_post_transparent":"","_kad_post_title":"","_kad_post_layout":"","_kad_post_sidebar_id":"","_kad_post_content_style":"","_kad_post_vertical_padding":"","_kad_post_feature":"","_kad_post_feature_position":"","_kad_post_header":false,"_kad_post_footer":false,"_kad_post_classname":""},"product_brand":[385],"product_cat":[386],"product_tag":[186],"class_list":{"0":"post-6712","1":"product","2":"type-product","3":"status-publish","4":"has-post-thumbnail","6":"product_brand-velartrip","7":"product_cat-accessoires-pratiques","8":"product_tag-aeroport","10":"first","11":"instock","12":"taxable","13":"shipping-taxable","14":"purchasable","15":"product-type-simple","16":"entry","17":"content-bg","18":"loop-entry"},"taxonomy_info":{"product_brand":[{"value":385,"label":"VelarTrip"}],"product_cat":[{"value":386,"label":"Accessoires Pratiques"}],"product_tag":[{"value":186,"label":"A\u00e9roport"}]},"featured_image_src_large":["https:\/\/velartrip.com\/wp-content\/uploads\/2022\/05\/32875679402_images_62838631347cb_1.jpg",800,800,false],"author_info":[],"comment_info":6,"_links":{"self":[{"href":"https:\/\/velartrip.com\/pt\/wp-json\/wp\/v2\/product\/6712","targetHints":{"allow":["GET"]}}],"collection":[{"href":"https:\/\/velartrip.com\/pt\/wp-json\/wp\/v2\/product"}],"about":[{"href":"https:\/\/velartrip.com\/pt\/wp-json\/wp\/v2\/types\/product"}],"replies":[{"embeddable":true,"href":"https:\/\/velartrip.com\/pt\/wp-json\/wp\/v2\/comments?post=6712"}],"wp:featuredmedia":[{"embeddable":true,"href":"https:\/\/velartrip.com\/pt\/wp-json\/wp\/v2\/media\/13532"}],"wp:attachment":[{"href":"https:\/\/velartrip.com\/pt\/wp-json\/wp\/v2\/media?parent=6712"}],"wp:term":[{"taxonomy":"product_brand","embeddable":true,"href":"https:\/\/velartrip.com\/pt\/wp-json\/wp\/v2\/product_brand?post=6712"},{"taxonomy":"product_cat","embeddable":true,"href":"https:\/\/velartrip.com\/pt\/wp-json\/wp\/v2\/product_cat?post=6712"},{"taxonomy":"product_tag","embeddable":true,"href":"https:\/\/velartrip.com\/pt\/wp-json\/wp\/v2\/product_tag?post=6712"}],"curies":[{"name":"wp","href":"https:\/\/api.w.org\/{rel}","templated":true}]}}