{"id":6856,"date":"2020-04-23T11:29:46","date_gmt":"2020-04-23T11:29:46","guid":{"rendered":"https:\/\/velartrip.com\/?product=sac-etanche-br-bombay"},"modified":"2022-05-05T15:14:13","modified_gmt":"2022-05-05T13:14:13","slug":"sac-etanche","status":"publish","type":"product","link":"https:\/\/velartrip.com\/pt\/accessoires-pratiques\/sac-etanche\/","title":{"rendered":"Saco imperme\u00e1vel Bombay"},"content":{"rendered":"<h2>Muitos viajantes esquecem-se de levar um saco imperme\u00e1vel para a sua viagem.<\/h2>\n<h2>N\u00e3o importa onde voc\u00ea esteja no mundo, uma bolsa \u00e0 prova d&#039;\u00e1gua ser\u00e1 \u00fatil, n\u00e3o importa o que aconte\u00e7a. <em>(confie em n\u00f3s!)<\/em><\/h2>\n<ul>\n<li>Totalmente \u00e0 prova de \u00e1gua \ud83d\udca6<\/li>\n<\/ul>\n<ul>\n<li><strong>10 litros recomendados\u00a0<\/strong>para pequenos acess\u00f3rios (smartphone, c\u00e2mara, etc.)<\/li>\n<\/ul>\n<ul>\n<li><strong>20 litros recomendados<\/strong> trazer todo o seu equipamento (toalhas de praia, bon\u00e9s, protetor solar...)<\/li>\n<\/ul>\n<ul>\n<li><strong>ENTREGA STANDARD GRATUITA<\/strong><\/li>\n<\/ul>\n<p><em>Uma parceria VelarTrip X Feel Nature Outdoors \ud83e\udd1d<\/em><\/p>","protected":false},"excerpt":{"rendered":"<p>Muitos viajantes n\u00e3o pensam em levar uma bolsa \u00e0 prova d&#039;\u00e1gua para a viagem. N\u00e3o importa onde voc\u00ea esteja no mundo, uma bolsa \u00e0 prova d&#039;\u00e1gua servir\u00e1 para qualquer coisa (confie em n\u00f3s!). Completamente \u00e0 prova d&#039;\u00e1gua \ud83d\udca6 10 litros recomendados para pequenos acess\u00f3rios (smartphone, c\u00e2mera, etc.) 20 litros recomendados para carregar seu equipamento...<\/p>","protected":false},"featured_media":13455,"comment_status":"open","ping_status":"closed","template":"","meta":{"_kad_blocks_custom_css":"","_kad_blocks_head_custom_js":"","_kad_blocks_body_custom_js":"","_kad_blocks_footer_custom_js":"","_kad_post_transparent":"","_kad_post_title":"","_kad_post_layout":"","_kad_post_sidebar_id":"","_kad_post_content_style":"","_kad_post_vertical_padding":"","_kad_post_feature":"","_kad_post_feature_position":"","_kad_post_header":false,"_kad_post_footer":false,"_kad_post_classname":""},"product_brand":[385],"product_cat":[386],"product_tag":[201,107],"class_list":{"0":"post-6856","1":"product","2":"type-product","3":"status-publish","4":"has-post-thumbnail","6":"product_brand-velartrip","7":"product_cat-accessoires-pratiques","8":"product_tag-plage","9":"product_tag-nomade","11":"first","12":"instock","13":"taxable","14":"shipping-taxable","15":"purchasable","16":"product-type-variable","17":"has-default-attributes","18":"entry","19":"content-bg","20":"loop-entry"},"taxonomy_info":{"product_brand":[{"value":385,"label":"VelarTrip"}],"product_cat":[{"value":386,"label":"Accessoires Pratiques"}],"product_tag":[{"value":201,"label":" Plage"},{"value":107,"label":"Nomade"}]},"featured_image_src_large":["https:\/\/velartrip.com\/wp-content\/uploads\/2020\/04\/30.jpg",800,800,false],"author_info":[],"comment_info":6,"_links":{"self":[{"href":"https:\/\/velartrip.com\/pt\/wp-json\/wp\/v2\/product\/6856","targetHints":{"allow":["GET"]}}],"collection":[{"href":"https:\/\/velartrip.com\/pt\/wp-json\/wp\/v2\/product"}],"about":[{"href":"https:\/\/velartrip.com\/pt\/wp-json\/wp\/v2\/types\/product"}],"replies":[{"embeddable":true,"href":"https:\/\/velartrip.com\/pt\/wp-json\/wp\/v2\/comments?post=6856"}],"wp:featuredmedia":[{"embeddable":true,"href":"https:\/\/velartrip.com\/pt\/wp-json\/wp\/v2\/media\/13455"}],"wp:attachment":[{"href":"https:\/\/velartrip.com\/pt\/wp-json\/wp\/v2\/media?parent=6856"}],"wp:term":[{"taxonomy":"product_brand","embeddable":true,"href":"https:\/\/velartrip.com\/pt\/wp-json\/wp\/v2\/product_brand?post=6856"},{"taxonomy":"product_cat","embeddable":true,"href":"https:\/\/velartrip.com\/pt\/wp-json\/wp\/v2\/product_cat?post=6856"},{"taxonomy":"product_tag","embeddable":true,"href":"https:\/\/velartrip.com\/pt\/wp-json\/wp\/v2\/product_tag?post=6856"}],"curies":[{"name":"wp","href":"https:\/\/api.w.org\/{rel}","templated":true}]}}