{"id":7167,"date":"2020-06-14T20:13:09","date_gmt":"2020-06-14T20:13:09","guid":{"rendered":"https:\/\/velartrip.com\/?product=protege-passeport-br-zebre"},"modified":"2022-08-03T11:10:00","modified_gmt":"2022-08-03T09:10:00","slug":"protege-passeport-zebre","status":"publish","type":"product","link":"https:\/\/velartrip.com\/pt\/accessoires-pour-valise\/protege-passeports\/protege-passeport-zebre\/","title":{"rendered":"Capa de passaporte zebra"},"content":{"rendered":"<div class=\"detailmodule_html\">\n<h2>Um design com padr\u00e3o de zebra para uma capa de passaporte \u00fanica!<\/h2>\n<ul>\n<li>Cobrir perfeitamente o passaporte.<\/li>\n<li>Ideal para evitar salpicos e quedas.<\/li>\n<li>Composi\u00e7\u00e3o: sint\u00e9tica.<\/li>\n<\/ul>\n<div class=\"detail-desc-decorate-richtext\"><\/div>\n<\/div>\n<div class=\"detailmodule_text\"><\/div>","protected":false},"excerpt":{"rendered":"<p>Um design com padr\u00e3o de zebra para um porta-passaporte verdadeiramente \u00fanico! Cubra seu passaporte perfeitamente. Ideal contra o risco de respingos e quedas. Composi\u00e7\u00e3o: sint\u00e9tica.<\/p>","protected":false},"featured_media":13312,"comment_status":"open","ping_status":"closed","template":"","meta":{"_kad_blocks_custom_css":"","_kad_blocks_head_custom_js":"","_kad_blocks_body_custom_js":"","_kad_blocks_footer_custom_js":"","_kad_post_transparent":"","_kad_post_title":"","_kad_post_layout":"","_kad_post_sidebar_id":"","_kad_post_content_style":"","_kad_post_vertical_padding":"","_kad_post_feature":"","_kad_post_feature_position":"","_kad_post_header":false,"_kad_post_footer":false,"_kad_post_classname":""},"product_brand":[385],"product_cat":[618,395],"product_tag":[167],"class_list":{"0":"post-7167","1":"product","2":"type-product","3":"status-publish","4":"has-post-thumbnail","6":"product_brand-velartrip","7":"product_cat-accessoires-pour-valise","8":"product_cat-protege-passeports","9":"product_tag-abstrait","11":"first","12":"instock","13":"taxable","14":"shipping-taxable","15":"purchasable","16":"product-type-simple","17":"entry","18":"content-bg","19":"loop-entry"},"taxonomy_info":{"product_brand":[{"value":385,"label":"VelarTrip"}],"product_cat":[{"value":618,"label":"Accessoires pour Valise"},{"value":395,"label":"Prot\u00e8ge-Passeports"}],"product_tag":[{"value":167,"label":"Abstrait"}]},"featured_image_src_large":["https:\/\/velartrip.com\/wp-content\/uploads\/2022\/05\/Sans-titre-4.jpg",800,800,false],"author_info":[],"comment_info":5,"_links":{"self":[{"href":"https:\/\/velartrip.com\/pt\/wp-json\/wp\/v2\/product\/7167","targetHints":{"allow":["GET"]}}],"collection":[{"href":"https:\/\/velartrip.com\/pt\/wp-json\/wp\/v2\/product"}],"about":[{"href":"https:\/\/velartrip.com\/pt\/wp-json\/wp\/v2\/types\/product"}],"replies":[{"embeddable":true,"href":"https:\/\/velartrip.com\/pt\/wp-json\/wp\/v2\/comments?post=7167"}],"wp:featuredmedia":[{"embeddable":true,"href":"https:\/\/velartrip.com\/pt\/wp-json\/wp\/v2\/media\/13312"}],"wp:attachment":[{"href":"https:\/\/velartrip.com\/pt\/wp-json\/wp\/v2\/media?parent=7167"}],"wp:term":[{"taxonomy":"product_brand","embeddable":true,"href":"https:\/\/velartrip.com\/pt\/wp-json\/wp\/v2\/product_brand?post=7167"},{"taxonomy":"product_cat","embeddable":true,"href":"https:\/\/velartrip.com\/pt\/wp-json\/wp\/v2\/product_cat?post=7167"},{"taxonomy":"product_tag","embeddable":true,"href":"https:\/\/velartrip.com\/pt\/wp-json\/wp\/v2\/product_tag?post=7167"}],"curies":[{"name":"wp","href":"https:\/\/api.w.org\/{rel}","templated":true}]}}