{"id":7656,"date":"2020-08-08T19:06:33","date_gmt":"2020-08-08T19:06:33","guid":{"rendered":"https:\/\/velartrip.com\/?product=protege-passport-br-starry-sky"},"modified":"2024-12-04T09:30:28","modified_gmt":"2024-12-04T08:30:28","slug":"protege-passport-starry-sky","status":"publish","type":"product","link":"https:\/\/velartrip.com\/pt\/accessoires-pour-valise\/protege-passeports\/protege-passport-starry-sky\/","title":{"rendered":"Capa para passaporte Starry Sky"},"content":{"rendered":"<p>&nbsp;<\/p>\n<h2>Uma representa\u00e7\u00e3o de um pintor de renome internacional! Se voc\u00ea \u00e9 um conhecedor, nosso porta-passaporte Starry Sky ser\u00e1 ideal para todas as suas viagens!<\/h2>\n<ul>\n<li><strong>Cobertura perfeita<\/strong>\u00a0o seu passaporte.<\/li>\n<li>Ideal para evitar salpicos e quedas.<\/li>\n<li>Composi\u00e7\u00e3o: sint\u00e9tica.<\/li>\n<\/ul>","protected":false},"excerpt":{"rendered":"<p>&nbsp; Uma representa\u00e7\u00e3o de um pintor de renome internacional! Se voc\u00ea \u00e9 um conhecedor, nosso porta-passaporte Starry Sky ser\u00e1 ideal para todas as suas viagens! Cubra seu passaporte perfeitamente. Ideal contra o risco de respingos e quedas. Composi\u00e7\u00e3o: sint\u00e9tica.<\/p>","protected":false},"featured_media":12971,"comment_status":"open","ping_status":"closed","template":"","meta":{"_kad_blocks_custom_css":"","_kad_blocks_head_custom_js":"","_kad_blocks_body_custom_js":"","_kad_blocks_footer_custom_js":"","_kad_post_transparent":"","_kad_post_title":"","_kad_post_layout":"","_kad_post_sidebar_id":"","_kad_post_content_style":"","_kad_post_vertical_padding":"","_kad_post_feature":"","_kad_post_feature_position":"","_kad_post_header":false,"_kad_post_footer":false,"_kad_post_classname":""},"product_brand":[385],"product_cat":[395,618],"product_tag":[172],"class_list":{"0":"post-7656","1":"product","2":"type-product","3":"status-publish","4":"has-post-thumbnail","6":"product_brand-velartrip","7":"product_cat-protege-passeports","8":"product_cat-accessoires-pour-valise","9":"product_tag-art","11":"first","12":"instock","13":"taxable","14":"shipping-taxable","15":"purchasable","16":"product-type-simple","17":"entry","18":"content-bg","19":"loop-entry"},"taxonomy_info":{"product_brand":[{"value":385,"label":"VelarTrip"}],"product_cat":[{"value":395,"label":"Prot\u00e8ge-Passeports"},{"value":618,"label":"Accessoires pour Valise"}],"product_tag":[{"value":172,"label":"Art"}]},"featured_image_src_large":["https:\/\/velartrip.com\/wp-content\/uploads\/2022\/04\/13-1.jpg",800,800,false],"author_info":[],"comment_info":5,"_links":{"self":[{"href":"https:\/\/velartrip.com\/pt\/wp-json\/wp\/v2\/product\/7656","targetHints":{"allow":["GET"]}}],"collection":[{"href":"https:\/\/velartrip.com\/pt\/wp-json\/wp\/v2\/product"}],"about":[{"href":"https:\/\/velartrip.com\/pt\/wp-json\/wp\/v2\/types\/product"}],"replies":[{"embeddable":true,"href":"https:\/\/velartrip.com\/pt\/wp-json\/wp\/v2\/comments?post=7656"}],"wp:featuredmedia":[{"embeddable":true,"href":"https:\/\/velartrip.com\/pt\/wp-json\/wp\/v2\/media\/12971"}],"wp:attachment":[{"href":"https:\/\/velartrip.com\/pt\/wp-json\/wp\/v2\/media?parent=7656"}],"wp:term":[{"taxonomy":"product_brand","embeddable":true,"href":"https:\/\/velartrip.com\/pt\/wp-json\/wp\/v2\/product_brand?post=7656"},{"taxonomy":"product_cat","embeddable":true,"href":"https:\/\/velartrip.com\/pt\/wp-json\/wp\/v2\/product_cat?post=7656"},{"taxonomy":"product_tag","embeddable":true,"href":"https:\/\/velartrip.com\/pt\/wp-json\/wp\/v2\/product_tag?post=7656"}],"curies":[{"name":"wp","href":"https:\/\/api.w.org\/{rel}","templated":true}]}}