{"id":7998,"date":"2021-01-08T08:50:20","date_gmt":"2021-01-08T08:50:20","guid":{"rendered":"https:\/\/velartrip.com\/?product=bouteille-isotherme-intelligente-br-atlantique"},"modified":"2024-12-04T09:29:55","modified_gmt":"2024-12-04T08:29:55","slug":"bouteille-isotherme-intelligente","status":"publish","type":"product","link":"https:\/\/velartrip.com\/pt\/accessoires-pratiques\/bouteille-isotherme-intelligente\/","title":{"rendered":"Garrafa Atlantic Smart Insulated"},"content":{"rendered":"<h2>Torne-se um viajante eco-respons\u00e1vel, substituindo as suas garrafas de pl\u00e1stico por uma Atlantic Smart Insulated Bottle.<\/h2>\n<ul>\n<li><span style=\"text-decoration: underline;\"><strong>Capacidade de 500 ml<\/strong><\/span> para saciar a vossa sede!<\/li>\n<li>As suas bebidas <strong>estar\u00e1 sempre \u00e0 temperatura correta<\/strong> gra\u00e7as ao nosso sensor digital inteligente<\/li>\n<li>Ch\u00e1, \u00e1gua, caf\u00e9... Todos os seus <strong>as bebidas favoritas s\u00e3o compat\u00edveis<\/strong> com a nossa garrafa de \u00e1gua.<\/li>\n<li>Acabou-se o risco de queda! As nossas garrafas est\u00e3o equipadas com um <strong>punho protetor de silicone<\/strong>.<\/li>\n<li>Gosta de ch\u00e1? A <strong>filtro de a\u00e7o inoxid\u00e1vel<\/strong> est\u00e1 inclu\u00eddo na nossa garrafa.<\/li>\n<li>5 anos de viagens ininterruptas com o seu <strong>bateria de longa dura\u00e7\u00e3o<\/strong> (pode ser substitu\u00eddo numa data posterior)<\/li>\n<li><strong><span style=\"text-decoration: underline;\">Sem risco para a sua sa\u00fade<\/span><\/strong> com o nosso tratamento de a\u00e7o inoxid\u00e1vel de qualidade alimentar no interior da garrafa.<\/li>\n<li><strong>12 horas de calor constante<\/strong> para o seu caf\u00e9 ou ch\u00e1 preferido<\/li>\n<\/ul>\n<p><span style=\"text-decoration: underline;\">Carater\u00edsticas<\/span> :<\/p>\n<ul>\n<li>Altura: 23,5 cm<\/li>\n<li>Largura: 6,5 cm<\/li>\n<\/ul>\n<h2 style=\"text-align: center;\"><span style=\"color: #db7c46;\">Porqu\u00ea viajar com uma garrafa isot\u00e9rmica Atlantic?<\/span><\/h2>\n<p>N\u00e3o tem a certeza se este produto ser\u00e1 \u00fatil para si? N\u00e3o compreende a utilidade de uma garrafa isot\u00e9rmica?<\/p>\n<p>Se for esse o caso, n\u00e3o entre em p\u00e2nico, n\u00f3s explicamos-lhe tudo. Se quiser ir mais longe, consulte o nosso artigo no blogue sobre a<a href=\"https:\/\/velartrip.com\/pt\/prendre-gourde-avion\/\">s regras relativas \u00e0s garrafas de \u00e1gua no avi\u00e3o.<\/a><\/p>\n<p>Inicialmente, se desejar :<\/p>\n<p>\u2705 <strong>Poupe at\u00e9 468 euros<\/strong> garrafas de pl\u00e1stico descart\u00e1veis por ano.<\/p>\n<p>Mantenha o seu caf\u00e9 ou ch\u00e1 quente durante mais de 2 horas.<\/p>\n<p>\u2705 Paragem <strong>consumo de subst\u00e2ncias t\u00f3xicas<\/strong> de pl\u00e1stico.<\/p>\n<p>\u2705 <strong>Limitar o seu impacto ecol\u00f3gico<\/strong> no planeta, com uma redu\u00e7\u00e3o de cerca de 1.000 garrafas de pl\u00e1stico por ano.<\/p>\n<p>\u2705 <strong>Preservar o mundo<\/strong> para a sua fam\u00edlia.<\/p>\n<p>Ent\u00e3o este \u00e9 o produto ideal para si!<\/p>\n<h3>Posso levar a minha garrafa t\u00e9rmica nos controlos de seguran\u00e7a?<\/h3>\n<p>Sim, claro! Mas certifique-se de que est\u00e1 vazio na altura.<span style=\"font-family: -apple-system, BlinkMacSystemFont, 'San Francisco', 'Segoe UI', Roboto, 'Helvetica Neue', sans-serif; font-size: 1.4em;\">.<\/span><\/p>\n<h3>Porqu\u00ea escolher garrafas isoladas em a\u00e7o inoxid\u00e1vel de qualidade alimentar?<\/h3>\n<p>Muito mais dur\u00e1vel do que as garrafas de \u00e1gua de pl\u00e1stico ou de bambu, a sua garrafa de a\u00e7o inoxid\u00e1vel acompanh\u00e1-lo-\u00e1 em todas as suas aventuras pelo mundo.<\/p>\n<h3>Como \u00e9 que limpo a minha garrafa isot\u00e9rmica?<\/h3>\n<p>Ap\u00f3s cada utiliza\u00e7\u00e3o, recomendamos a utiliza\u00e7\u00e3o de uma escova de silicone para remover quaisquer res\u00edduos e dep\u00f3sitos remanescentes.<\/p>\n<h3>Como funciona o sensor inteligente de controlo da temperatura?<\/h3>\n<p>Para funcionar, basta tocar na tampa da garrafa e aparecer\u00e1 a temperatura da sua bebida.<\/p>","protected":false},"excerpt":{"rendered":"<p>Torne-se um viajante ecol\u00f3gico substituindo suas garrafas pl\u00e1sticas por uma garrafa t\u00e9rmica inteligente Atlantic. Capacidade de 500 ml para matar sua sede! Suas bebidas estar\u00e3o sempre na temperatura certa gra\u00e7as ao nosso sensor digital inteligente Ch\u00e1, \u00e1gua, caf\u00e9... Todas as suas bebidas favoritas s\u00e3o compat\u00edveis com nossa garrafa. N\u00e3o h\u00e1 mais riscos de\u2026<\/p>","protected":false},"featured_media":13179,"comment_status":"open","ping_status":"closed","template":"","meta":{"_kad_blocks_custom_css":"","_kad_blocks_head_custom_js":"","_kad_blocks_body_custom_js":"","_kad_blocks_footer_custom_js":"","_kad_post_transparent":"","_kad_post_title":"","_kad_post_layout":"","_kad_post_sidebar_id":"","_kad_post_content_style":"","_kad_post_vertical_padding":"","_kad_post_feature":"","_kad_post_feature_position":"","_kad_post_header":false,"_kad_post_footer":false,"_kad_post_classname":""},"product_brand":[385],"product_cat":[386],"product_tag":[],"class_list":{"0":"post-7998","1":"product","2":"type-product","3":"status-publish","4":"has-post-thumbnail","6":"product_brand-velartrip","7":"product_cat-accessoires-pratiques","9":"first","10":"instock","11":"taxable","12":"shipping-taxable","13":"purchasable","14":"product-type-variable","15":"entry","16":"content-bg","17":"loop-entry"},"taxonomy_info":{"product_brand":[{"value":385,"label":"VelarTrip"}],"product_cat":[{"value":386,"label":"Accessoires Pratiques"}]},"featured_image_src_large":["https:\/\/velartrip.com\/wp-content\/uploads\/2022\/04\/6-3.jpg",800,800,false],"author_info":[],"comment_info":6,"_links":{"self":[{"href":"https:\/\/velartrip.com\/pt\/wp-json\/wp\/v2\/product\/7998","targetHints":{"allow":["GET"]}}],"collection":[{"href":"https:\/\/velartrip.com\/pt\/wp-json\/wp\/v2\/product"}],"about":[{"href":"https:\/\/velartrip.com\/pt\/wp-json\/wp\/v2\/types\/product"}],"replies":[{"embeddable":true,"href":"https:\/\/velartrip.com\/pt\/wp-json\/wp\/v2\/comments?post=7998"}],"wp:featuredmedia":[{"embeddable":true,"href":"https:\/\/velartrip.com\/pt\/wp-json\/wp\/v2\/media\/13179"}],"wp:attachment":[{"href":"https:\/\/velartrip.com\/pt\/wp-json\/wp\/v2\/media?parent=7998"}],"wp:term":[{"taxonomy":"product_brand","embeddable":true,"href":"https:\/\/velartrip.com\/pt\/wp-json\/wp\/v2\/product_brand?post=7998"},{"taxonomy":"product_cat","embeddable":true,"href":"https:\/\/velartrip.com\/pt\/wp-json\/wp\/v2\/product_cat?post=7998"},{"taxonomy":"product_tag","embeddable":true,"href":"https:\/\/velartrip.com\/pt\/wp-json\/wp\/v2\/product_tag?post=7998"}],"curies":[{"name":"wp","href":"https:\/\/api.w.org\/{rel}","templated":true}]}}