{"id":8068,"date":"2021-01-09T10:07:52","date_gmt":"2021-01-09T10:07:52","guid":{"rendered":"https:\/\/velartrip.com\/?product=bouteille-isotherme-br-mediterranee"},"modified":"2024-12-04T09:29:44","modified_gmt":"2024-12-04T08:29:44","slug":"bouteille-isotherme-tasse","status":"publish","type":"product","link":"https:\/\/velartrip.com\/pt\/accessoires-pratiques\/bouteille-isotherme-tasse\/","title":{"rendered":"Garrafa isolada mediterr\u00e2nica"},"content":{"rendered":"<h2>Gostaria de preservar o conforto de saborear a sua bebida num copo nos 4 cantos do mundo?<br \/>\nDescubra a nossa garrafa isolada mediterr\u00e2nica<\/h2>\n<ul>\n<li><span style=\"text-decoration: underline;\"> <strong>420 ml ou 580 ml<\/strong><\/span>depende de si!<\/li>\n<li><strong>Uma tampa em forma de ta\u00e7a com uma pega<\/strong> para que possa desfrutar do seu ch\u00e1 como se estivesse em casa.<\/li>\n<li>Ch\u00e1, \u00e1gua, caf\u00e9... Todos os seus\u00a0<strong>as bebidas favoritas s\u00e3o compat\u00edveis<\/strong>\u00a0com a nossa garrafa de \u00e1gua.<\/li>\n<li>Acabou-se o risco de queda! As nossas garrafas est\u00e3o equipadas com um\u00a0<strong>punho protetor de silicone<\/strong>.<\/li>\n<li><strong><span style=\"text-decoration: underline;\">Sem risco para a sua sa\u00fade<\/span><\/strong>\u00a0com o nosso tratamento de a\u00e7o inoxid\u00e1vel de qualidade alimentar no interior da garrafa.<\/li>\n<li><strong>12 horas de calor constante<\/strong>\u00a0para o seu caf\u00e9 ou ch\u00e1 preferido<\/li>\n<\/ul>\n<p><span style=\"text-decoration: underline;\">Carater\u00edsticas<\/span> :<\/p>\n<p>420 ml: 20,8 cm X 6,8 cm<\/p>\n<p>580 ml: 25,3 cm X 6,8 cm<\/p>\n<h2 style=\"text-align: center;\"><span style=\"color: #db7c46;\">Porqu\u00ea viajar com uma garrafa isot\u00e9rmica mediterr\u00e2nica?<\/span><\/h2>\n<p>N\u00e3o tem a certeza se este produto ser\u00e1 \u00fatil para si? N\u00e3o compreende a utilidade de uma garrafa isot\u00e9rmica?<\/p>\n<p>Se for o caso, n\u00e3o entre em p\u00e2nico, n\u00f3s explicamos-lhe tudo.<\/p>\n<p>Inicialmente, se desejar :<\/p>\n<p>\u2705\u00a0<strong>Poupe at\u00e9 468 euros<\/strong>\u00a0garrafas de pl\u00e1stico descart\u00e1veis por ano.<\/p>\n<p>Mantenha o seu caf\u00e9 ou ch\u00e1 quente durante mais de 2 horas.<\/p>\n<p>\u2705 Paragem\u00a0<strong>consumo de subst\u00e2ncias t\u00f3xicas<\/strong>\u00a0de pl\u00e1stico.<\/p>\n<p>\u2705\u00a0<strong>Limitar o seu impacto ecol\u00f3gico<\/strong>\u00a0no planeta, com uma redu\u00e7\u00e3o de cerca de 1.000 garrafas de pl\u00e1stico por ano.<\/p>\n<p>\u2705\u00a0<strong>Preservar o mundo<\/strong>\u00a0para a sua fam\u00edlia.<\/p>\n<p>Ent\u00e3o este \u00e9 o produto ideal para si!<\/p>\n<h3>Posso levar a minha garrafa t\u00e9rmica nos controlos de seguran\u00e7a?<\/h3>\n<p>Sim, claro! Mas certifique-se de que est\u00e1 vazio na altura.<\/p>\n<h3>Porqu\u00ea escolher garrafas isoladas em a\u00e7o inoxid\u00e1vel de qualidade alimentar?<\/h3>\n<p>Muito mais dur\u00e1vel do que as garrafas de \u00e1gua de pl\u00e1stico ou de bambu, a sua garrafa de a\u00e7o inoxid\u00e1vel acompanh\u00e1-lo-\u00e1 em todas as suas aventuras pelo mundo.<\/p>\n<h3>Como \u00e9 que limpo a minha garrafa isot\u00e9rmica?<\/h3>\n<p>Ap\u00f3s cada utiliza\u00e7\u00e3o, recomendamos a utiliza\u00e7\u00e3o de uma escova de silicone para remover quaisquer res\u00edduos e dep\u00f3sitos remanescentes.<\/p>\n<h3>Como funciona o sensor inteligente de controlo da temperatura?<\/h3>\n<p>Para funcionar, basta tocar na tampa da garrafa e aparecer\u00e1 a temperatura da sua bebida.<\/p>","protected":false},"excerpt":{"rendered":"<p>Tu souhaites\u00a0pr\u00e9server le confort de d\u00e9guster\u00a0sa boisson dans une tasse aux 4 coins du monde\u00a0 ? D\u00e9couvre maintenant notre Bouteille isotherme M\u00e9diterran\u00e9e 420 ml ou 580 ml, c&rsquo;est toi qui choisis ! Un couvercle en forme de tasse avec une anse pour d\u00e9guster son th\u00e9 comme \u00e0 la maison. Th\u00e9, eau, caf\u00e9&#8230; Toutes vos\u00a0boissons favorites&#8230;<\/p>","protected":false},"featured_media":13172,"comment_status":"open","ping_status":"closed","template":"","meta":{"_kad_blocks_custom_css":"","_kad_blocks_head_custom_js":"","_kad_blocks_body_custom_js":"","_kad_blocks_footer_custom_js":"","_kad_post_transparent":"","_kad_post_title":"","_kad_post_layout":"","_kad_post_sidebar_id":"","_kad_post_content_style":"","_kad_post_vertical_padding":"","_kad_post_feature":"","_kad_post_feature_position":"","_kad_post_header":false,"_kad_post_footer":false,"_kad_post_classname":""},"product_brand":[385],"product_cat":[386,388],"product_tag":[],"class_list":{"0":"post-8068","1":"product","2":"type-product","3":"status-publish","4":"has-post-thumbnail","6":"product_brand-velartrip","7":"product_cat-accessoires-pratiques","8":"product_cat-nouveautes","10":"first","11":"instock","12":"taxable","13":"shipping-taxable","14":"purchasable","15":"product-type-variable","16":"entry","17":"content-bg","18":"loop-entry"},"taxonomy_info":{"product_brand":[{"value":385,"label":"VelarTrip"}],"product_cat":[{"value":386,"label":"Accessoires Pratiques"},{"value":388,"label":"Nouveaut\u00e9s"}]},"featured_image_src_large":["https:\/\/velartrip.com\/wp-content\/uploads\/2022\/04\/2-4.jpg",800,800,false],"author_info":[],"comment_info":7,"_links":{"self":[{"href":"https:\/\/velartrip.com\/pt\/wp-json\/wp\/v2\/product\/8068","targetHints":{"allow":["GET"]}}],"collection":[{"href":"https:\/\/velartrip.com\/pt\/wp-json\/wp\/v2\/product"}],"about":[{"href":"https:\/\/velartrip.com\/pt\/wp-json\/wp\/v2\/types\/product"}],"replies":[{"embeddable":true,"href":"https:\/\/velartrip.com\/pt\/wp-json\/wp\/v2\/comments?post=8068"}],"wp:featuredmedia":[{"embeddable":true,"href":"https:\/\/velartrip.com\/pt\/wp-json\/wp\/v2\/media\/13172"}],"wp:attachment":[{"href":"https:\/\/velartrip.com\/pt\/wp-json\/wp\/v2\/media?parent=8068"}],"wp:term":[{"taxonomy":"product_brand","embeddable":true,"href":"https:\/\/velartrip.com\/pt\/wp-json\/wp\/v2\/product_brand?post=8068"},{"taxonomy":"product_cat","embeddable":true,"href":"https:\/\/velartrip.com\/pt\/wp-json\/wp\/v2\/product_cat?post=8068"},{"taxonomy":"product_tag","embeddable":true,"href":"https:\/\/velartrip.com\/pt\/wp-json\/wp\/v2\/product_tag?post=8068"}],"curies":[{"name":"wp","href":"https:\/\/api.w.org\/{rel}","templated":true}]}}