{"id":8093,"date":"2021-01-11T10:23:59","date_gmt":"2021-01-11T10:23:59","guid":{"rendered":"https:\/\/velartrip.com\/?product=kit-voyage-br-jordanie"},"modified":"2024-12-04T09:29:43","modified_gmt":"2024-12-04T08:29:43","slug":"kit-voyage-avion","status":"publish","type":"product","link":"https:\/\/velartrip.com\/pt\/accessoires-pratiques\/kit-voyage-avion\/","title":{"rendered":"Kit de viagem para a Jord\u00e2nia"},"content":{"rendered":"<h2>O nosso kit de viagem Jordan \u00e9 100% compat\u00edvel com todas as restri\u00e7\u00f5es aeroportu\u00e1rias relativas a l\u00edquidos.<\/h2>\n<h3>Porqu\u00ea utilizar o nosso kit para a sua viagem a\u00e9rea na Jord\u00e2nia?<\/h3>\n<p>Se \u00e9 um viajante que gostaria de :\u00a0<\/p>\n<ul>\n<li>Leve uma bolsa de higiene com voc\u00ea no avi\u00e3o.<\/li>\n<li>\n<strong>N\u00e3o correr mais riscos<\/strong> ser <strong>confiscar<\/strong> um dos seus produtos de beleza durante os controlos de seguran\u00e7a.<\/li>\n<li>Ter um <strong>estojo de higiene adaptado<\/strong> voos de longo curso.\u00a0<\/li>\n<li>Transportar tudo o que \u00e9 necess\u00e1rio para <strong>manter uma higiene impec\u00e1vel<\/strong> mesmo com uma diferen\u00e7a hor\u00e1ria de 6 horas.<\/li>\n<\/ul>\n<p style=\"text-align: center;\">Ent\u00e3o o nosso saco de toilette \u00e9 o ideal para si! \u2708\ufe0f<\/p>\n<p>O <strong>benef\u00edcios<\/strong> para escolher o nosso <strong>Kit de viagem<\/strong> Os seguintes s\u00e3o Jordan:<\/p>\n<ul>\n<li>\n<strong>Dur\u00e1vel e recicl\u00e1vel<\/strong> para todas as suas necessidades de viagem.<\/li>\n<li>Compat\u00edvel com <strong>todos os estilos de viagem<\/strong> gra\u00e7as \u00e0 sua <strong>resist\u00eancia \u00e0s quedas<\/strong> e poeira.<\/li>\n<li>Um tratamento corporal completo adaptado a <span style=\"text-decoration: underline;\"><strong>6 garrafas de viagem\u00a0<\/strong> <\/span>\n<\/li>\n<li>\n<strong>3 ferramentas<\/strong> inclu\u00eddo com para <strong>ajustar ao mililitro<\/strong> os seus produtos de beleza (funil, pipeta e esp\u00e1tula de creme)\u00a0 \u00a0<\/li>\n<\/ul>\n<p><meta charset=\"utf-8\"><span style=\"text-decoration: underline;\">Dimens\u00f5es do saco de toilette (C x L x A) :<\/span><strong>\u00a0<\/strong><span>16,00 x18,50 x 4,20 cm<\/span><\/p>\n<p style=\"text-align: right;\">*Parceria com Jordan Judy<\/p>\n<p>\u00a0<\/p>\n<p>\u00a0<\/p>","protected":false},"excerpt":{"rendered":"<p>Nosso Jordan Travel Kit 100% \u00e9 compat\u00edvel com todas as restri\u00e7\u00f5es de l\u00edquidos do aeroporto. Por que levar nosso kit para suas viagens a\u00e9reas para a Jord\u00e2nia? Se voc\u00ea \u00e9 um daqueles viajantes que quer: Ter uma bolsa de higiene pessoal com voc\u00ea no avi\u00e3o. N\u00e3o corra mais o risco de ter um dos seus\u2026<\/p>","protected":false},"featured_media":13297,"comment_status":"open","ping_status":"closed","template":"","meta":{"_kad_blocks_custom_css":"","_kad_blocks_head_custom_js":"","_kad_blocks_body_custom_js":"","_kad_blocks_footer_custom_js":"","_kad_post_transparent":"","_kad_post_title":"","_kad_post_layout":"","_kad_post_sidebar_id":"","_kad_post_content_style":"","_kad_post_vertical_padding":"","_kad_post_feature":"","_kad_post_feature_position":"","_kad_post_header":false,"_kad_post_footer":false,"_kad_post_classname":""},"product_brand":[385],"product_cat":[386,388],"product_tag":[],"class_list":{"0":"post-8093","1":"product","2":"type-product","3":"status-publish","4":"has-post-thumbnail","6":"product_brand-velartrip","7":"product_cat-accessoires-pratiques","8":"product_cat-nouveautes","10":"first","11":"instock","12":"taxable","13":"shipping-taxable","14":"purchasable","15":"product-type-simple","16":"entry","17":"content-bg","18":"loop-entry"},"taxonomy_info":{"product_brand":[{"value":385,"label":"VelarTrip"}],"product_cat":[{"value":386,"label":"Accessoires Pratiques"},{"value":388,"label":"Nouveaut\u00e9s"}]},"featured_image_src_large":["https:\/\/velartrip.com\/wp-content\/uploads\/2022\/04\/4001352335279_images_626d2d057f095_1.jpg",800,800,false],"author_info":[],"comment_info":6,"_links":{"self":[{"href":"https:\/\/velartrip.com\/pt\/wp-json\/wp\/v2\/product\/8093","targetHints":{"allow":["GET"]}}],"collection":[{"href":"https:\/\/velartrip.com\/pt\/wp-json\/wp\/v2\/product"}],"about":[{"href":"https:\/\/velartrip.com\/pt\/wp-json\/wp\/v2\/types\/product"}],"replies":[{"embeddable":true,"href":"https:\/\/velartrip.com\/pt\/wp-json\/wp\/v2\/comments?post=8093"}],"wp:featuredmedia":[{"embeddable":true,"href":"https:\/\/velartrip.com\/pt\/wp-json\/wp\/v2\/media\/13297"}],"wp:attachment":[{"href":"https:\/\/velartrip.com\/pt\/wp-json\/wp\/v2\/media?parent=8093"}],"wp:term":[{"taxonomy":"product_brand","embeddable":true,"href":"https:\/\/velartrip.com\/pt\/wp-json\/wp\/v2\/product_brand?post=8093"},{"taxonomy":"product_cat","embeddable":true,"href":"https:\/\/velartrip.com\/pt\/wp-json\/wp\/v2\/product_cat?post=8093"},{"taxonomy":"product_tag","embeddable":true,"href":"https:\/\/velartrip.com\/pt\/wp-json\/wp\/v2\/product_tag?post=8093"}],"curies":[{"name":"wp","href":"https:\/\/api.w.org\/{rel}","templated":true}]}}