{"id":8117,"date":"2021-01-13T14:39:09","date_gmt":"2021-01-13T14:39:09","guid":{"rendered":"https:\/\/velartrip.com\/?product=porte-cles-gel-hydroalcoolique-br-militaire"},"modified":"2024-12-04T09:29:42","modified_gmt":"2024-12-04T08:29:42","slug":"porte-cle-gel-hydroalcolique-militaire","status":"publish","type":"product","link":"https:\/\/velartrip.com\/pt\/accessoires-lifestyle\/porte-cles-gel-hydroalcoolique\/porte-cle-gel-hydroalcolique-militaire\/","title":{"rendered":"Porta-chaves militar em gel hidroalco\u00f3lico"},"content":{"rendered":"<h2>Desinfe\u00e7\u00e3o total, mesmo camuflada, gra\u00e7as ao nosso porta-chaves militar em gel hidroalco\u00f3lico!<\/h2>\n<ul>\n<li>A <strong>Frasco de 30 ml <\/strong>Reutiliz\u00e1vel para toda a vida!\u00a0<\/li>\n<li>Uma mala, uma bolsa, chaves... O nosso suporte para gel hidroalco\u00f3lico <strong>cabe em todo o lado<\/strong>\n<\/li>\n<li>Escolha um <strong>design \u00e0 sua medida <\/strong>Neopreno de alta qualidade<\/li>\n<li>\n<span style=\"text-decoration: underline;\"><strong>Compacto e leve<\/strong><\/span>r, acabaram-se as garrafas que ocupam muito espa\u00e7o!<\/li>\n<\/ul>\n<p><\/p>\n<p><span style=\"text-decoration: underline;\"><\/span><span style=\"text-decoration: underline;\">Dimens\u00f5es :<\/span> 10,16 x 5,6 cm<\/p>\n<p>\u26a0\ufe0f A garrafa \u00e9 entregue vazia e sem l\u00edquido.<\/p>\n<h2 style=\"text-align: center;\"><span style=\"color: #82d5c7;\">\u00a0Porqu\u00ea escolher um porta-chaves de gel hidroalco\u00f3lico?<\/span><\/h2>\n<div style=\"text-align: left; padding-left: 30px;\">Se est\u00e1 cansado de procurar o seu gel hidroalco\u00f3lico na sua mala<\/div>\n<div style=\"text-align: left; padding-left: 30px;\">Se n\u00e3o o fizeres<strong> n\u00e3o suporta usar o gel hidroalco\u00f3lico das lojas<\/strong> quando vai \u00e0s compras\u00a0<\/div>\n<div style=\"text-align: left; padding-left: 30px;\">Se gosta de design e praticidade\u00a0<\/div>\n<div style=\"text-align: left; padding-left: 30px;\">Se desejar viajar por <span style=\"text-decoration: underline;\"><a href=\"https:\/\/velartrip.com\/pt\/prendre-gourde-avion\/\" title=\"restri\u00e7\u00f5es relativas a l\u00edquidos na aeronave\" target=\"_blank\" rel=\"noopener\">respeito das restri\u00e7\u00f5es aplic\u00e1veis aos l\u00edquidos nos aeroportos<\/a><\/span> enquanto\u00a0<strong>manter as m\u00e3os limpas no avi\u00e3o<\/strong>\n<\/div>\n<div style=\"text-align: left; padding-left: 30px;\"><strong><\/strong><\/div>\n<div style=\"text-align: left; padding-left: 30px;\"><strong><\/strong><\/div>\n<div style=\"text-align: left; padding-left: 30px;\"><\/div>\n<p> Assim, os nossos porta-chaves <strong>s\u00e3o adaptados ao seu estilo de vida<\/strong>. Escolha o modelo certo para si a partir da nossa vasta sele\u00e7\u00e3o.<\/p>","protected":false},"excerpt":{"rendered":"<p>Une d\u00e9sinfection \u00e0 toutes \u00e9preuves m\u00eame camoufl\u00e9e gr\u00e2ce \u00e0 notre Porte-Cl\u00e9s Gel Hydroalcoolique Militaire ! Un flacon\u00a0de 30\u2009ml r\u00e9utilisable \u00e0 vie !\u00a0 Une valise, un sac \u00e0 main, des cl\u00e9s&#8230; Notre porte-gel hydroalcoolique s&rsquo;adapte partout Choisissez un design qui vous correspond de qualit\u00e9 sup\u00e9rieure en N\u00e9opr\u00e8ne Compact et l\u00e9ger, finis les flacons qui prennent de&#8230;<\/p>","protected":false},"featured_media":13139,"comment_status":"open","ping_status":"closed","template":"","meta":{"_kad_blocks_custom_css":"","_kad_blocks_head_custom_js":"","_kad_blocks_body_custom_js":"","_kad_blocks_footer_custom_js":"","_kad_post_transparent":"","_kad_post_title":"","_kad_post_layout":"","_kad_post_sidebar_id":"","_kad_post_content_style":"","_kad_post_vertical_padding":"","_kad_post_feature":"","_kad_post_feature_position":"","_kad_post_header":false,"_kad_post_footer":false,"_kad_post_classname":""},"product_brand":[385],"product_cat":[405,400],"product_tag":[296],"class_list":{"0":"post-8117","1":"product","2":"type-product","3":"status-publish","4":"has-post-thumbnail","6":"product_brand-velartrip","7":"product_cat-accessoires-lifestyle","8":"product_cat-porte-cles-gel-hydroalcoolique","9":"product_tag-30-ml","11":"first","12":"instock","13":"taxable","14":"shipping-taxable","15":"purchasable","16":"product-type-simple","17":"entry","18":"content-bg","19":"loop-entry"},"taxonomy_info":{"product_brand":[{"value":385,"label":"VelarTrip"}],"product_cat":[{"value":405,"label":"Accessoires Lifestyle"},{"value":400,"label":"Porte-Cl\u00e9s Gel Hydroalcoolique"}],"product_tag":[{"value":296,"label":"30 ml"}]},"featured_image_src_large":["https:\/\/velartrip.com\/wp-content\/uploads\/2022\/04\/98.jpg",800,800,false],"author_info":[],"comment_info":3,"_links":{"self":[{"href":"https:\/\/velartrip.com\/pt\/wp-json\/wp\/v2\/product\/8117","targetHints":{"allow":["GET"]}}],"collection":[{"href":"https:\/\/velartrip.com\/pt\/wp-json\/wp\/v2\/product"}],"about":[{"href":"https:\/\/velartrip.com\/pt\/wp-json\/wp\/v2\/types\/product"}],"replies":[{"embeddable":true,"href":"https:\/\/velartrip.com\/pt\/wp-json\/wp\/v2\/comments?post=8117"}],"wp:featuredmedia":[{"embeddable":true,"href":"https:\/\/velartrip.com\/pt\/wp-json\/wp\/v2\/media\/13139"}],"wp:attachment":[{"href":"https:\/\/velartrip.com\/pt\/wp-json\/wp\/v2\/media?parent=8117"}],"wp:term":[{"taxonomy":"product_brand","embeddable":true,"href":"https:\/\/velartrip.com\/pt\/wp-json\/wp\/v2\/product_brand?post=8117"},{"taxonomy":"product_cat","embeddable":true,"href":"https:\/\/velartrip.com\/pt\/wp-json\/wp\/v2\/product_cat?post=8117"},{"taxonomy":"product_tag","embeddable":true,"href":"https:\/\/velartrip.com\/pt\/wp-json\/wp\/v2\/product_tag?post=8117"}],"curies":[{"name":"wp","href":"https:\/\/api.w.org\/{rel}","templated":true}]}}