{"id":8243,"date":"2021-01-18T09:54:13","date_gmt":"2021-01-18T09:54:13","guid":{"rendered":"https:\/\/velartrip.com\/?product=porte-cles-gel-hydroalcoolique-br-transparent"},"modified":"2024-12-04T09:29:36","modified_gmt":"2024-12-04T08:29:36","slug":"porte-cles-gel-hydroalcoolique-transparent","status":"publish","type":"product","link":"https:\/\/velartrip.com\/pt\/accessoires-lifestyle\/porte-cles-gel-hydroalcoolique\/porte-cles-gel-hydroalcoolique-transparent\/","title":{"rendered":"Porta-chaves de gel hidroalco\u00f3lico transparente"},"content":{"rendered":"<h2>Descubra o nosso porta-chaves transparente em gel hidroalco\u00f3lico. O nosso modelo que vai direto ao assunto.<\/h2>\n<ul>\n<li>A <strong>Frasco transparente de 30, 50 ou 60 ml\u00a0<\/strong>Reutiliz\u00e1vel para toda a vida!<\/li>\n<li>Uma mala, uma bolsa, chaves... O nosso suporte para gel hidroalco\u00f3lico <strong>cabe em todo o lado<\/strong><\/li>\n<li>Escolha um <strong>design \u00e0 sua medida <\/strong>couro sint\u00e9tico de alta qualidade<\/li>\n<li><span style=\"text-decoration: underline;\"><strong>Compacto e leve<\/strong><\/span>r, acabaram-se as garrafas que ocupam muito espa\u00e7o!<\/li>\n<\/ul>\n<p>&nbsp;<\/p>\n<p data-mce-fragment=\"1\">\u26a0\ufe0f A garrafa \u00e9 entregue vazia e sem l\u00edquido.<\/p>\n<p data-mce-fragment=\"1\">\ud83e\ude9d Modelos <strong>com gancho de press\u00e3o<\/strong> s\u00e3o fornecidos com <strong>uma cor aleat\u00f3ria<\/strong><\/p>\n<p><span style=\"text-decoration: underline;\">Dimens\u00f5es :\u00a0<\/span><\/p>\n<p><span style=\"text-decoration: underline;\">30 ml<\/span> 10,3 X 3,7 cm<\/p>\n<p><span style=\"text-decoration: underline;\">50 ml<\/span>\u00a011,4 x 4,25 cm<\/p>\n<p><span style=\"text-decoration: underline;\">60 ml<\/span> 12 x 4,62 cm<\/p>\n<h2 style=\"text-align: center;\"><span style=\"color: #82d5c7;\">\u00a0Porqu\u00ea escolher um porta-chaves de gel hidroalco\u00f3lico?<\/span><\/h2>\n<div style=\"text-align: left; padding-left: 30px;\">Se est\u00e1 cansado de procurar o seu gel hidroalco\u00f3lico na sua mala<\/div>\n<div style=\"text-align: left; padding-left: 30px;\">Se n\u00e3o o fizeres<strong> n\u00e3o suporta usar o gel hidroalco\u00f3lico das lojas<\/strong> quando vai \u00e0s compras<\/div>\n<div style=\"text-align: left; padding-left: 30px;\">Se gosta de design e praticidade<\/div>\n<div style=\"text-align: left; padding-left: 30px;\">Se desejar viajar por <span style=\"text-decoration: underline;\"><a title=\"restri\u00e7\u00f5es relativas a l\u00edquidos na aeronave\" href=\"https:\/\/velartrip.com\/pt\/prendre-gourde-avion\/\" target=\"_blank\" rel=\"noopener\">respeito das restri\u00e7\u00f5es aplic\u00e1veis aos l\u00edquidos nos aeroportos<\/a><\/span> enquanto\u00a0<strong>manter as m\u00e3os limpas no avi\u00e3o<\/strong><\/div>\n<div style=\"text-align: left; padding-left: 30px;\"><\/div>\n<div style=\"text-align: left; padding-left: 30px;\"><\/div>\n<div style=\"text-align: left; padding-left: 30px;\"><\/div>\n<p>Assim, os nossos porta-chaves <strong>s\u00e3o adaptados ao seu estilo de vida<\/strong>. Escolha o modelo certo para si a partir da nossa vasta sele\u00e7\u00e3o.<\/p>","protected":false},"excerpt":{"rendered":"<p>D\u00e9couvre notre Porte-Cl\u00e9s Gel Hydroalcoolique\u00a0Transparent. Notre mod\u00e8le qui va \u00e0 l&rsquo;essentiel. Un flacon transparent de 30, 50 ou 60 ml\u00a0r\u00e9utilisable \u00e0 vie ! Une valise, un sac \u00e0 main, des cl\u00e9s&#8230; Notre porte-gel hydroalcoolique s&rsquo;adapte partout Choisissez un design qui vous correspond de qualit\u00e9 sup\u00e9rieure en\u00a0cuir synth\u00e9tique Compact et l\u00e9ger, finis les flacons qui prennent&#8230;<\/p>","protected":false},"featured_media":13083,"comment_status":"open","ping_status":"closed","template":"","meta":{"_kad_blocks_custom_css":"","_kad_blocks_head_custom_js":"","_kad_blocks_body_custom_js":"","_kad_blocks_footer_custom_js":"","_kad_post_transparent":"","_kad_post_title":"","_kad_post_layout":"","_kad_post_sidebar_id":"","_kad_post_content_style":"","_kad_post_vertical_padding":"","_kad_post_feature":"","_kad_post_feature_position":"","_kad_post_header":false,"_kad_post_footer":false,"_kad_post_classname":""},"product_brand":[385],"product_cat":[400,405],"product_tag":[311,296,300],"class_list":{"0":"post-8243","1":"product","2":"type-product","3":"status-publish","4":"has-post-thumbnail","6":"product_brand-velartrip","7":"product_cat-porte-cles-gel-hydroalcoolique","8":"product_cat-accessoires-lifestyle","9":"product_tag-50-ml","10":"product_tag-30-ml","11":"product_tag-60-ml","13":"first","14":"instock","15":"taxable","16":"shipping-taxable","17":"purchasable","18":"product-type-variable","19":"entry","20":"content-bg","21":"loop-entry"},"taxonomy_info":{"product_brand":[{"value":385,"label":"VelarTrip"}],"product_cat":[{"value":400,"label":"Porte-Cl\u00e9s Gel Hydroalcoolique"},{"value":405,"label":"Accessoires Lifestyle"}],"product_tag":[{"value":311,"label":" 50 ml"},{"value":296,"label":"30 ml"},{"value":300,"label":"60 ml"}]},"featured_image_src_large":["https:\/\/velartrip.com\/wp-content\/uploads\/2022\/04\/Sans-titre-29.jpg",800,800,false],"author_info":[],"comment_info":3,"_links":{"self":[{"href":"https:\/\/velartrip.com\/pt\/wp-json\/wp\/v2\/product\/8243","targetHints":{"allow":["GET"]}}],"collection":[{"href":"https:\/\/velartrip.com\/pt\/wp-json\/wp\/v2\/product"}],"about":[{"href":"https:\/\/velartrip.com\/pt\/wp-json\/wp\/v2\/types\/product"}],"replies":[{"embeddable":true,"href":"https:\/\/velartrip.com\/pt\/wp-json\/wp\/v2\/comments?post=8243"}],"wp:featuredmedia":[{"embeddable":true,"href":"https:\/\/velartrip.com\/pt\/wp-json\/wp\/v2\/media\/13083"}],"wp:attachment":[{"href":"https:\/\/velartrip.com\/pt\/wp-json\/wp\/v2\/media?parent=8243"}],"wp:term":[{"taxonomy":"product_brand","embeddable":true,"href":"https:\/\/velartrip.com\/pt\/wp-json\/wp\/v2\/product_brand?post=8243"},{"taxonomy":"product_cat","embeddable":true,"href":"https:\/\/velartrip.com\/pt\/wp-json\/wp\/v2\/product_cat?post=8243"},{"taxonomy":"product_tag","embeddable":true,"href":"https:\/\/velartrip.com\/pt\/wp-json\/wp\/v2\/product_tag?post=8243"}],"curies":[{"name":"wp","href":"https:\/\/api.w.org\/{rel}","templated":true}]}}