{"id":8361,"date":"2021-02-13T21:27:28","date_gmt":"2021-02-13T21:27:28","guid":{"rendered":"https:\/\/velartrip.com\/?product=traducteur-voyage-hors-ligne-br-velartrip"},"modified":"2024-12-04T09:29:27","modified_gmt":"2024-12-04T08:29:27","slug":"traducteur-voyage-hors-ligne","status":"publish","type":"product","link":"https:\/\/velartrip.com\/pt\/accessoires-pratiques\/traducteur-voyage-hors-ligne\/","title":{"rendered":"VelarTrip Tradutor de viagens offline"},"content":{"rendered":"<h1>O nosso tradutor de viagens offline ser\u00e1 o seu companheiro indispens\u00e1vel em todas as suas viagens.<\/h1>\n<ul>\n<li><strong>79 l\u00ednguas<\/strong> traduzido.<\/li>\n<li>Falar ou fotografar conte\u00fados para <strong>traduzi-lo para a sua l\u00edngua<\/strong> !<\/li>\n<li>2 microfones <strong>redu\u00e7\u00e3o inteligente do ru\u00eddo<\/strong>\u00a0para usar seu tradutor em todos os tipos de ambientes.<\/li>\n<li>Um tradutor que <strong>seguir\u00e1 durante 12 horas<\/strong>A forma perfeita de terminar o dia.<\/li>\n<li>Concebido para viagens, gra\u00e7as ao seu peso leve (80 g) e ao ecr\u00e3 t\u00e1til de 6 cm.<\/li>\n<\/ul>\n<p><span style=\"text-decoration: underline;\">Dimens\u00f5es :<\/span> 13 x 50 x 10 cm<\/p>\n<p><span style=\"text-decoration: underline;\">L\u00ednguas dispon\u00edveis :<\/span>\u00a0<span data-mce-fragment=\"1\">Chin\u00eas simplificado, chin\u00eas tradicional, ingl\u00eas americano, ingl\u00eas brit\u00e2nico, ingl\u00eas australiano, ingl\u00eas indiano, ingl\u00eas canadiano, ingl\u00eas neozeland\u00eas, alem\u00e3o, espanhol, italiano, japon\u00eas, coreano, holand\u00eas, portugu\u00eas, russo, franc\u00eas, franco-canadiano, tailand\u00eas, \u00e1rabe, sueco, finland\u00eas, dinamarqu\u00eas, polaco, hindi, noruegu\u00eas, catal\u00e3o, croata, indon\u00e9sio, checo, turco, vietnamita, ucraniano, eslovaco, grego, h\u00fangaro, romeno, hebraico, malaio.\u00a0<\/span><\/p>\n<p style=\"text-align: center;\"><span data-mce-fragment=\"1\">Este <strong>esta lista n\u00e3o \u00e9 exaustiva<\/strong>, para saber a compatibilidade com um idioma, n\u00e3o hesite em nos escrever no endere\u00e7o: <span style=\"text-decoration: underline;\"><a href=\"https:\/\/mail.google.com\/mail\/u\/0\/?fs=1&amp;tf=cm&amp;source=mailto&amp;to=support@velartrip.com&amp;utm_campaign=Back+To+Work+(TxQPMP)&amp;utm_medium=email&amp;utm_source=All+contacts&amp;_ke=eyJrbF9lbWFpbCI6ICJ0aG9tYXNiZW5hdGlhQGdtYWlsLmNvbSIsICJrbF9jb21wYW55X2lkIjogIlVncHdENyJ9#\" target=\"_blank\" rel=\"noopener\">support@velartrip.com<\/a><\/span><\/span><\/p>\n<h3 style=\"text-align: center;\"><span style=\"color: #82d5c7;\"> Quais s\u00e3o as diferen\u00e7as entre um smartphone e o nosso tradutor de viagens?<\/span><\/h3>\n<p>Liga\u00e7\u00f5es de rede limitadas, uma mudan\u00e7a cultural de cen\u00e1rio, tempo limitado quando se est\u00e1 l\u00e1.<\/p>\n<p>Como voc\u00ea deve ter entendido, estamos falando de experi\u00eancias de viagem.<\/p>\n<p>Normalmente, o nosso smartphone \u00e9 o nosso fiel companheiro de todos os dias, mas quando viajamos, rapidamente se torna limitado!<\/p>\n<p>A raz\u00e3o \u00e9 que as v\u00e1rias taxas de operadora vinculadas \u00e0s aplica\u00e7\u00f5es tornam-se rapidamente exorbitantes quando se utilizam dados como\u00a0<span data-mce-fragment=\"1\">tradutores e GPS<\/span>&#8230;<\/p>\n<p>Ent\u00e3o, para ganhar em seguran\u00e7a e conforto, preservando seu or\u00e7amento no exterior, voc\u00ea pode simplesmente optar pelo nosso Tradutor de Viagem Offline, pois com ele:<\/p>\n<p>Nunca mais se perder\u00e1 num pa\u00eds novo<\/p>\n<p>Saia dos circuitos habituais e descubra locais exclusivos<\/p>\n<p>\u2705 A barreira do idioma n\u00e3o existir\u00e1 mais!<\/p>","protected":false},"excerpt":{"rendered":"<p>Notre Traducteur de Voyage Hors Ligne sera votre compagnon indispensable pour tous vos voyages. 79 langues traduites. Parlez ou photographiez du contenu pour le traduire dans votre langue ! 2 micros \u00e0 r\u00e9duction de bruit intelligente\u00a0pour utiliser votre traducteur dans tous types d&rsquo;environnement. Un traducteur qui vous suivra pendant 12 heures, de quoi\u00a0finir une journ\u00e9e&#8230;<\/p>","protected":false},"featured_media":13046,"comment_status":"open","ping_status":"closed","template":"","meta":{"_kad_blocks_custom_css":"","_kad_blocks_head_custom_js":"","_kad_blocks_body_custom_js":"","_kad_blocks_footer_custom_js":"","_kad_post_transparent":"","_kad_post_title":"","_kad_post_layout":"","_kad_post_sidebar_id":"","_kad_post_content_style":"","_kad_post_vertical_padding":"","_kad_post_feature":"","_kad_post_feature_position":"","_kad_post_header":false,"_kad_post_footer":false,"_kad_post_classname":""},"product_brand":[385],"product_cat":[386,388],"product_tag":[],"class_list":{"0":"post-8361","1":"product","2":"type-product","3":"status-publish","4":"has-post-thumbnail","6":"product_brand-velartrip","7":"product_cat-accessoires-pratiques","8":"product_cat-nouveautes","10":"first","11":"outofstock","12":"taxable","13":"shipping-taxable","14":"purchasable","15":"product-type-variable","16":"has-default-attributes","17":"entry","18":"content-bg","19":"loop-entry"},"taxonomy_info":{"product_brand":[{"value":385,"label":"VelarTrip"}],"product_cat":[{"value":386,"label":"Accessoires Pratiques"},{"value":388,"label":"Nouveaut\u00e9s"}]},"featured_image_src_large":["https:\/\/velartrip.com\/wp-content\/uploads\/2021\/02\/traducteur-voyage-hors-ligne-blanc.jpg",800,800,false],"author_info":[],"comment_info":7,"_links":{"self":[{"href":"https:\/\/velartrip.com\/pt\/wp-json\/wp\/v2\/product\/8361","targetHints":{"allow":["GET"]}}],"collection":[{"href":"https:\/\/velartrip.com\/pt\/wp-json\/wp\/v2\/product"}],"about":[{"href":"https:\/\/velartrip.com\/pt\/wp-json\/wp\/v2\/types\/product"}],"replies":[{"embeddable":true,"href":"https:\/\/velartrip.com\/pt\/wp-json\/wp\/v2\/comments?post=8361"}],"wp:featuredmedia":[{"embeddable":true,"href":"https:\/\/velartrip.com\/pt\/wp-json\/wp\/v2\/media\/13046"}],"wp:attachment":[{"href":"https:\/\/velartrip.com\/pt\/wp-json\/wp\/v2\/media?parent=8361"}],"wp:term":[{"taxonomy":"product_brand","embeddable":true,"href":"https:\/\/velartrip.com\/pt\/wp-json\/wp\/v2\/product_brand?post=8361"},{"taxonomy":"product_cat","embeddable":true,"href":"https:\/\/velartrip.com\/pt\/wp-json\/wp\/v2\/product_cat?post=8361"},{"taxonomy":"product_tag","embeddable":true,"href":"https:\/\/velartrip.com\/pt\/wp-json\/wp\/v2\/product_tag?post=8361"}],"curies":[{"name":"wp","href":"https:\/\/api.w.org\/{rel}","templated":true}]}}