{"id":8821,"date":"2021-03-14T13:27:00","date_gmt":"2021-03-14T13:27:00","guid":{"rendered":"https:\/\/velartrip.com\/?product=pins-br-drapeau-canada"},"modified":"2024-12-04T09:28:59","modified_gmt":"2024-12-04T08:28:59","slug":"pins-drapeau-canada","status":"publish","type":"product","link":"https:\/\/velartrip.com\/pt\/acessorios-de-viagem-2\/pins\/pins-drapeau-canada\/","title":{"rendered":"Pin da bandeira do Canad\u00e1"},"content":{"rendered":"<h2>Quando dizemos xarope de castor e bordo, em qual pa\u00eds voc\u00ea pensa? <br \/>\n<\/h2>\n<ul>\n<li>Tamanho m\u00e9dio: 1,9 x 1,8 cm.<\/li>\n<li>Ser\u00e1 insepar\u00e1vel da sua mala gra\u00e7as \u00e0 sua <strong>o seu fecho seguro 100%<\/strong>.<\/li>\n<li>Dimens\u00f5es: 1,9 x 1,6 cm.<\/li>\n<\/ul>\n<h3 style=\"text-align: center;\" data-mce-style=\"text-align: center;\"><span style=\"color: #82d5c7;\" data-mce-style=\"color: #82d5c7;\">Porqu\u00ea escolher um Pin's para as suas viagens?<\/span><\/h3>\n<h4>1 &#8211; <span style=\"text-decoration: underline;\" data-mce-style=\"text-decoration: underline;\">Hist\u00f3ria do alfinete <\/span><br \/>\n<\/h4>\n<p>H\u00e1 muito que os pins s\u00e3o utilizados como forma de publicidade das marcas. Calculamos que o pico de popularidade dos pins tenha sido atingido nos anos 90. 5 anos depois, a produ\u00e7\u00e3o diminuiu consideravelmente.<\/p>\n<p>Hoje em dia, o pin j\u00e1 n\u00e3o \u00e9 produzido e s\u00f3 \u00e9 utilizado em determinados eventos desportivos ou culturais. <br \/>No entanto, continua a existir uma comunidade de entusiastas, conhecidos como filopins ou filopinistas, que continuam a descobrir os pins mais raros em feiras de coleccionadores ou atrav\u00e9s de f\u00f3runs.<\/p>\n<h4>2 &#8211; <span style=\"text-decoration: underline;\" data-mce-style=\"text-decoration: underline;\">Pin e viagem por VelarTrip<\/span><br \/>\n<\/h4>\n<p>Como sabe, a nossa mais profunda ambi\u00e7\u00e3o \u00e9 permitir-lhe <strong>viajar, concentrando-se no que \u00e9 essencial.<\/strong><\/p>\n<p><span style=\"text-decoration: underline;\" data-mce-style=\"text-decoration: underline;\"><\/span>Mas o que \u00e9 \"essencial\"?<\/p>\n<p>Se tiv\u00e9ssemos de o definir, s\u00e3o todas as emo\u00e7\u00f5es positivas que se obt\u00eam ao viajar.<\/p>\n<p>\u00c9 por isso que, gra\u00e7as aos nossos pins, esperamos (muito) que possa :<\/p>\n<ul>\n<li>\n<strong>Personalizar<\/strong> de acordo com a sua personalidade o seu<strong> sacos ou mochilas de viagem<\/strong>.<\/li>\n<li>\n<strong>F\u00e1cil de encontrar<\/strong> as vossas malas.<\/li>\n<li>\n<strong>Distinguir os seus sacos<\/strong> entre os outros viajantes.<\/li>\n<\/ul>\n<p>Para al\u00e9m dos nossos <span style=\"text-decoration: underline;\" data-mce-style=\"text-decoration: underline;\"><a href=\"https:\/\/velartrip.com\/pt\/collections\/housses-de-valise\/\" title=\"cole\u00e7\u00e3o de capas de malas\" target=\"_blank\" rel=\"noopener\">capas para malas<\/a><\/span> ou o nosso <span style=\"text-decoration: underline;\" data-mce-style=\"text-decoration: underline;\"><a href=\"https:\/\/velartrip.com\/pt\/collections\/etiquettes-bagages\/\" title=\"cole\u00e7\u00e3o de etiquetas de bagagem\" target=\"_blank\" rel=\"noopener\">etiquetas de bagagem<\/a><\/span>Basta adicionar um pin para <strong>reduzir consideravelmente o risco de perder a sua bagagem<\/strong>.<\/p>","protected":false},"excerpt":{"rendered":"<p>Si on vous dit castor et sirop d&rsquo;\u00e9rable, vous pensez \u00e0 quel pays ? Dimensions moyennes : 1,9 x 1,8 cm. Il sera ins\u00e9parable avec votre sac gr\u00e2ce \u00e0 son fermoir 100% s\u00e9curis\u00e9. Dimensions : 1,9 x 1,6 cm. Pourquoi choisir un Pin&rsquo;s pour vos voyages ? 1 &#8211; Histoire du Pin&rsquo;s Le pin&rsquo;s a&#8230;<\/p>","protected":false},"featured_media":12552,"comment_status":"open","ping_status":"closed","template":"","meta":{"_kad_blocks_custom_css":"","_kad_blocks_head_custom_js":"","_kad_blocks_body_custom_js":"","_kad_blocks_footer_custom_js":"","_kad_post_transparent":"","_kad_post_title":"","_kad_post_layout":"","_kad_post_sidebar_id":"","_kad_post_content_style":"","_kad_post_vertical_padding":"","_kad_post_feature":"","_kad_post_feature_position":"","_kad_post_header":false,"_kad_post_footer":false,"_kad_post_classname":""},"product_brand":[385],"product_cat":[404,402,957],"product_tag":[354],"class_list":{"0":"post-8821","1":"product","2":"type-product","3":"status-publish","4":"has-post-thumbnail","6":"product_brand-velartrip","7":"product_cat-accessoires-voyage","8":"product_cat-pins","9":"product_cat-pins-drapeau","10":"product_tag-drapeau","12":"first","13":"instock","14":"taxable","15":"shipping-taxable","16":"purchasable","17":"product-type-variable","18":"entry","19":"content-bg","20":"loop-entry"},"taxonomy_info":{"product_brand":[{"value":385,"label":"VelarTrip"}],"product_cat":[{"value":404,"label":"Accessoires de Voyage"},{"value":402,"label":"Pin's"},{"value":957,"label":"Pin's Drapeau"}],"product_tag":[{"value":354,"label":"Drapeau"}]},"featured_image_src_large":["https:\/\/velartrip.com\/wp-content\/uploads\/2022\/04\/58.jpg",800,800,false],"author_info":[],"comment_info":4,"_links":{"self":[{"href":"https:\/\/velartrip.com\/pt\/wp-json\/wp\/v2\/product\/8821","targetHints":{"allow":["GET"]}}],"collection":[{"href":"https:\/\/velartrip.com\/pt\/wp-json\/wp\/v2\/product"}],"about":[{"href":"https:\/\/velartrip.com\/pt\/wp-json\/wp\/v2\/types\/product"}],"replies":[{"embeddable":true,"href":"https:\/\/velartrip.com\/pt\/wp-json\/wp\/v2\/comments?post=8821"}],"wp:featuredmedia":[{"embeddable":true,"href":"https:\/\/velartrip.com\/pt\/wp-json\/wp\/v2\/media\/12552"}],"wp:attachment":[{"href":"https:\/\/velartrip.com\/pt\/wp-json\/wp\/v2\/media?parent=8821"}],"wp:term":[{"taxonomy":"product_brand","embeddable":true,"href":"https:\/\/velartrip.com\/pt\/wp-json\/wp\/v2\/product_brand?post=8821"},{"taxonomy":"product_cat","embeddable":true,"href":"https:\/\/velartrip.com\/pt\/wp-json\/wp\/v2\/product_cat?post=8821"},{"taxonomy":"product_tag","embeddable":true,"href":"https:\/\/velartrip.com\/pt\/wp-json\/wp\/v2\/product_tag?post=8821"}],"curies":[{"name":"wp","href":"https:\/\/api.w.org\/{rel}","templated":true}]}}